{"id":992,"date":"2022-04-28T10:49:42","date_gmt":"2022-04-28T10:49:42","guid":{"rendered":"https:\/\/swiatloicisza.pl\/?page_id=992"},"modified":"2022-05-11T16:28:36","modified_gmt":"2022-05-11T16:28:36","slug":"sesje-ciazowe","status":"publish","type":"page","link":"https:\/\/swiatloicisza.pl\/index.php\/sesje-ciazowe\/","title":{"rendered":"Sesje Ci\u0105\u017cowe"},"content":{"rendered":"\t\t<div data-elementor-type=\"wp-page\" data-elementor-id=\"992\" class=\"elementor elementor-992\" data-elementor-settings=\"[]\">\n\t\t\t\t\t\t\t<div class=\"elementor-section-wrap\">\n\t\t\t\t\t\t\t<section class=\"elementor-section elementor-top-section elementor-element elementor-element-10bb990 elementor-section-full_width elementor-section-height-default elementor-section-height-default\" data-id=\"10bb990\" data-element_type=\"section\">\n\t\t\t\t\t\t<div class=\"elementor-container elementor-column-gap-default\">\n\t\t\t\t\t<div class=\"elementor-column elementor-col-100 elementor-top-column elementor-element elementor-element-6decdc6\" data-id=\"6decdc6\" data-element_type=\"column\">\n\t\t\t<div class=\"elementor-widget-wrap\">\n\t\t\t\t\t\t\t\t\t<\/div>\n\t\t<\/div>\n\t\t\t\t\t\t\t<\/div>\n\t\t<\/section>\n\t\t\t\t<section class=\"elementor-section elementor-top-section elementor-element elementor-element-b521d72 elementor-section-full_width elementor-section-height-default elementor-section-height-default\" data-id=\"b521d72\" data-element_type=\"section\" data-settings=\"{&quot;background_background&quot;:&quot;classic&quot;}\">\n\t\t\t\t\t\t<div class=\"elementor-container elementor-column-gap-default\">\n\t\t\t\t\t<div class=\"elementor-column elementor-col-100 elementor-top-column elementor-element elementor-element-0c29cc6\" data-id=\"0c29cc6\" data-element_type=\"column\">\n\t\t\t<div class=\"elementor-widget-wrap elementor-element-populated\">\n\t\t\t\t\t\t\t\t<div class=\"elementor-element elementor-element-4758487 elementor-widget elementor-widget-sc-heading\" data-id=\"4758487\" data-element_type=\"widget\" data-widget_type=\"sc-heading.default\">\n\t\t\t\t<div class=\"elementor-widget-container\">\n\t\t\t\t\t<div id=\"wt-at-4758487\" class=\"headng-wrap center\">\r\n\t\t\t<div class=\"section-heading\">\r\n\t\t\t\t\t\t\t\t\t\t\t<h2\r\n\t\t\t\t \t\t\t\t>SESJE CI\u0104\u017bOWE<\/h2>\r\n\t\t\t\t\t\t\t\t\t\t\t<\/div>\r\n\t\t<\/div>\r\n\r\n\t\t\t<\/div>\n\t\t\t\t<\/div>\n\t\t\t\t\t<\/div>\n\t\t<\/div>\n\t\t\t\t\t\t\t<\/div>\n\t\t<\/section>\n\t\t\t\t<section class=\"elementor-section elementor-top-section elementor-element elementor-element-bab1d5b elementor-section-boxed elementor-section-height-default elementor-section-height-default\" data-id=\"bab1d5b\" data-element_type=\"section\">\n\t\t\t\t\t\t<div class=\"elementor-container elementor-column-gap-default\">\n\t\t\t\t\t<div class=\"elementor-column elementor-col-100 elementor-top-column elementor-element elementor-element-a7727a9\" data-id=\"a7727a9\" data-element_type=\"column\">\n\t\t\t<div class=\"elementor-widget-wrap elementor-element-populated\">\n\t\t\t\t\t\t\t\t<div class=\"elementor-element elementor-element-26901d7 elementor-widget elementor-widget-text-editor\" data-id=\"26901d7\" data-element_type=\"widget\" data-widget_type=\"text-editor.default\">\n\t\t\t\t<div class=\"elementor-widget-container\">\n\t\t\t\t\t\t\t<h2>\u00a0<\/h2><h3 style=\"letter-spacing: normal; text-align: center;\"><em style=\"letter-spacing: 0px; background-color: rgba(237, 229, 229, 0);\">Podaruj sobie niezwyk\u0142\u0105 pami\u0105tk\u0119 z tego wyj\u0105tkowego czasu&#8230;.<\/em><\/h3>\t\t\t\t\t\t<\/div>\n\t\t\t\t<\/div>\n\t\t\t\t<div class=\"elementor-element elementor-element-34834fa elementor-widget elementor-widget-text-editor\" data-id=\"34834fa\" data-element_type=\"widget\" data-widget_type=\"text-editor.default\">\n\t\t\t\t<div class=\"elementor-widget-container\">\n\t\t\t\t\t\t\t<p><em>\u00a0<\/em><span style=\"background-color: rgba(237, 229, 229, 0);\">Sesje ci\u0105\u017cowe to u mnie naturalne, delikatne, sensualne uj\u0119cia i kadry, kt\u00f3re pozwol\u0105 Ci uwieczni\u0107 ten wyj\u0105tkowy czas i stan\u0105 si\u0119 pami\u0105tk\u0105 na d\u0142ugie lata.\u00a0<\/span><\/p>\t\t\t\t\t\t<\/div>\n\t\t\t\t<\/div>\n\t\t\t\t\t<\/div>\n\t\t<\/div>\n\t\t\t\t\t\t\t<\/div>\n\t\t<\/section>\n\t\t\t\t<section class=\"elementor-section elementor-top-section elementor-element elementor-element-b8237f2 elementor-section-boxed elementor-section-height-default elementor-section-height-default\" data-id=\"b8237f2\" data-element_type=\"section\">\n\t\t\t\t\t\t<div class=\"elementor-container elementor-column-gap-default\">\n\t\t\t\t\t<div class=\"elementor-column elementor-col-100 elementor-top-column elementor-element elementor-element-338e10a\" data-id=\"338e10a\" data-element_type=\"column\">\n\t\t\t<div class=\"elementor-widget-wrap\">\n\t\t\t\t\t\t\t\t\t<\/div>\n\t\t<\/div>\n\t\t\t\t\t\t\t<\/div>\n\t\t<\/section>\n\t\t\t\t<section class=\"elementor-section elementor-top-section elementor-element elementor-element-3e6f7e3 elementor-section-boxed elementor-section-height-default elementor-section-height-default\" data-id=\"3e6f7e3\" data-element_type=\"section\" data-settings=\"{&quot;background_background&quot;:&quot;classic&quot;}\">\n\t\t\t\t\t\t<div class=\"elementor-container elementor-column-gap-default\">\n\t\t\t\t\t<div class=\"elementor-column elementor-col-100 elementor-top-column elementor-element elementor-element-1fbdba9\" data-id=\"1fbdba9\" data-element_type=\"column\">\n\t\t\t<div class=\"elementor-widget-wrap elementor-element-populated\">\n\t\t\t\t\t\t\t\t<div class=\"elementor-element elementor-element-477bec1 elementor-widget elementor-widget-sc_list\" data-id=\"477bec1\" data-element_type=\"widget\" data-widget_type=\"sc_list.default\">\n\t\t\t\t<div class=\"elementor-widget-container\">\n\t\t\t<ul class=\"wt-list\"><li class=\"list-item\"><span class=\"list-icon\"><span>1<\/span><\/span><h4>Oko\u0142o 30 zdj\u0119\u0107<\/h4><p>30 najpi\u0119kniejszych starannie wybranych uj\u0119\u0107<\/p><\/li><li class=\"list-item\"><span class=\"list-icon\"><span>2<\/span><\/span><h4>Oko\u0142o godzinna sesja<\/h4><p>Sesja zdj\u0119ciowa w wybranym miejscu. Okolice Szczyrku, \u017bywca, Bielska-Bia\u0142ej<\/p><\/li><li class=\"list-item\"><span class=\"list-icon\"><span>3<\/span><\/span><h4>Galeria Online<\/h4><p>Wszystkie zdj\u0119cia w wygodnej galerii online<\/p><\/li><li class=\"list-item\"><span class=\"list-icon\"><span>4<\/span><\/span><h4>Mo\u017cliwo\u015b\u0107 dokupienia odbitek<\/h4><p>Mo\u017cliwo\u015b\u0107 dokupienia albumu lub wywo\u0142anych fotografi z sesji.<\/p><\/li><\/ul>\t\t<\/div>\n\t\t\t\t<\/div>\n\t\t\t\t<div class=\"elementor-element elementor-element-73ce19f elementor-widget elementor-widget-sc-heading\" data-id=\"73ce19f\" data-element_type=\"widget\" data-widget_type=\"sc-heading.default\">\n\t\t\t\t<div class=\"elementor-widget-container\">\n\t\t\t\t\t<div id=\"wt-at-73ce19f\" class=\"headng-wrap center\">\r\n\t\t\t<div class=\"section-heading\">\r\n\t\t\t\t\t\t\t\t\t\t\t<h2\r\n\t\t\t\t \t\t\t\t>350 z\u0142<\/h2>\r\n\t\t\t\t\t\t\t\t\t\t\t<\/div>\r\n\t\t<\/div>\r\n\r\n\t\t\t<\/div>\n\t\t\t\t<\/div>\n\t\t\t\t<div class=\"elementor-element elementor-element-971ea56 elementor-widget elementor-widget-sc_photo_carousel\" data-id=\"971ea56\" data-element_type=\"widget\" data-widget_type=\"sc_photo_carousel.default\">\n\t\t\t\t<div class=\"elementor-widget-container\">\n\t\t\t\t\t\t\t<div class=\"dl-photo-carousel visable-on-hover dl-navigation dl-bullets\"\r\n\t\t\t\tdata-loop=\"true\" \r\n\t\t\t\tdata-autoplay=\"true\" \r\n\t\t\t\tdata-speed=\"1000\" \r\n\t\t\t\tdata-space-between=\"10\" \r\n\t\t\t\tdata-initial-slide=\"1\" \r\n\t\t\t\tdata-mousewheel=\"true\" \r\n\t\t\t\tdata-pagination=\"true\" \r\n\t\t\t\tdata-navigation=\"true\"\r\n\t\t\t\t>\r\n\t\t\t\t\t<div class=\"swiper-wrapper\">\r\n\t\t\t\t\t\t\t\t\t\t\t<div class=\"swiper-slide\">\r\n\t\t\t\t\t\t<img src=\"https:\/\/swiatloicisza.pl\/wp-content\/uploads\/2022\/04\/DSC02429-kopia-2-scaled.jpg\" alt=\"DSC02429 kopia 2\"\/>\t\t\t\t\t\t<\/div>\r\n\t\t\t\t\t\t\t\t\t\t\t<div class=\"swiper-slide\">\r\n\t\t\t\t\t\t<img src=\"https:\/\/swiatloicisza.pl\/wp-content\/uploads\/2022\/04\/DSC02436-Edit-scaled.jpg\" alt=\"DSC02436-Edit\"\/>\t\t\t\t\t\t<\/div>\r\n\t\t\t\t\t\t\t\t\t\t\t<div class=\"swiper-slide\">\r\n\t\t\t\t\t\t<img src=\"https:\/\/swiatloicisza.pl\/wp-content\/uploads\/2022\/04\/10-scaled.jpg\" alt=\"10\"\/>\t\t\t\t\t\t<\/div>\r\n\t\t\t\t\t\t\t\t\t\t\t<div class=\"swiper-slide\">\r\n\t\t\t\t\t\t<img src=\"https:\/\/swiatloicisza.pl\/wp-content\/uploads\/2022\/04\/12-scaled.jpg\" alt=\"12\"\/>\t\t\t\t\t\t<\/div>\r\n\t\t\t\t\t\t\t\t\t\t\t<div class=\"swiper-slide\">\r\n\t\t\t\t\t\t<img src=\"https:\/\/swiatloicisza.pl\/wp-content\/uploads\/2022\/04\/32.jpg\" alt=\"32\"\/>\t\t\t\t\t\t<\/div>\r\n\t\t\t\t\t\t\t\t\t\t\t<div class=\"swiper-slide\">\r\n\t\t\t\t\t\t<img src=\"https:\/\/swiatloicisza.pl\/wp-content\/uploads\/2022\/04\/DSC02470-Edit-kopia-scaled.jpg\" alt=\"DSC02470-Edit kopia\"\/>\t\t\t\t\t\t<\/div>\r\n\t\t\t\t\t\t\t\t\t\t\t<div class=\"swiper-slide\">\r\n\t\t\t\t\t\t<img src=\"https:\/\/swiatloicisza.pl\/wp-content\/uploads\/2022\/04\/30-scaled.jpg\" alt=\"30\"\/>\t\t\t\t\t\t<\/div>\r\n\t\t\t\t\t\t\t\t\t\t\t<div class=\"swiper-slide\">\r\n\t\t\t\t\t\t<img src=\"https:\/\/swiatloicisza.pl\/wp-content\/uploads\/2022\/04\/12-1-scaled.jpg\" alt=\"12 (1)\"\/>\t\t\t\t\t\t<\/div>\r\n\t\t\t\t\t\t\t\t\t\t\t<div class=\"swiper-slide\">\r\n\t\t\t\t\t\t<img src=\"https:\/\/swiatloicisza.pl\/wp-content\/uploads\/2022\/04\/6-scaled.jpg\" alt=\"6\"\/>\t\t\t\t\t\t<\/div>\r\n\t\t\t\t\t\t\t\t\t\t<\/div>\r\n\t\t\t\t\t\t\t\t\t\t<!-- Add Pagination -->\r\n\t\t\t\t\t<div class=\"swiper-pagination\"><\/div>\r\n\t\t\t\t\t\t\t\t\t\t\t\t\t\t\t<!-- Add Arrows -->\r\n\t\t\t\t\t<div class=\"button-next\">&#8594;<\/div>\r\n\t\t\t\t\t<div class=\"button-prev\">&#8592;<\/div>\r\n\t\t\t\t\t\t\t\t\t<\/div>\r\n\t\t\t\t\t\t<\/div>\n\t\t\t\t<\/div>\n\t\t\t\t\t<\/div>\n\t\t<\/div>\n\t\t\t\t\t\t\t<\/div>\n\t\t<\/section>\n\t\t\t\t\t\t<\/div>\n\t\t\t\t\t<\/div>\n\t\t","protected":false},"excerpt":{"rendered":"<p>SESJE CI\u0104\u017bOWE \u00a0 Podaruj sobie niezwyk\u0142\u0105 pami\u0105tk\u0119 z tego wyj\u0105tkowego czasu&#8230;. \u00a0Sesje ci\u0105\u017cowe to u mnie naturalne, delikatne, sensualne uj\u0119cia i kadry, kt\u00f3re pozwol\u0105 Ci uwieczni\u0107 ten wyj\u0105tkowy czas i stan\u0105 si\u0119 pami\u0105tk\u0105 na d\u0142ugie lata.\u00a0 1 Oko\u0142o 30 zdj\u0119\u0107 30 najpi\u0119kniejszych starannie wybranych uj\u0119\u0107 2 Oko\u0142o godzinna sesja Sesja zdj\u0119ciowa w wybranym miejscu. Okolice<\/p>\n","protected":false},"author":1,"featured_media":0,"parent":0,"menu_order":0,"comment_status":"closed","ping_status":"closed","template":"elementor_header_footer","meta":[],"_links":{"self":[{"href":"https:\/\/swiatloicisza.pl\/index.php\/wp-json\/wp\/v2\/pages\/992"}],"collection":[{"href":"https:\/\/swiatloicisza.pl\/index.php\/wp-json\/wp\/v2\/pages"}],"about":[{"href":"https:\/\/swiatloicisza.pl\/index.php\/wp-json\/wp\/v2\/types\/page"}],"author":[{"embeddable":true,"href":"https:\/\/swiatloicisza.pl\/index.php\/wp-json\/wp\/v2\/users\/1"}],"replies":[{"embeddable":true,"href":"https:\/\/swiatloicisza.pl\/index.php\/wp-json\/wp\/v2\/comments?post=992"}],"version-history":[{"count":37,"href":"https:\/\/swiatloicisza.pl\/index.php\/wp-json\/wp\/v2\/pages\/992\/revisions"}],"predecessor-version":[{"id":1226,"href":"https:\/\/swiatloicisza.pl\/index.php\/wp-json\/wp\/v2\/pages\/992\/revisions\/1226"}],"wp:attachment":[{"href":"https:\/\/swiatloicisza.pl\/index.php\/wp-json\/wp\/v2\/media?parent=992"}],"curies":[{"name":"wp","href":"https:\/\/api.w.org\/{rel}","templated":true}]}}