{"id":986,"date":"2022-04-29T10:54:09","date_gmt":"2022-04-29T10:54:09","guid":{"rendered":"https:\/\/swiatloicisza.pl\/?page_id=986"},"modified":"2022-05-23T08:38:16","modified_gmt":"2022-05-23T08:38:16","slug":"oferta","status":"publish","type":"page","link":"https:\/\/swiatloicisza.pl\/index.php\/oferta\/","title":{"rendered":"OFERTA"},"content":{"rendered":"\t\t<div data-elementor-type=\"wp-page\" data-elementor-id=\"986\" class=\"elementor elementor-986\" data-elementor-settings=\"[]\">\n\t\t\t\t\t\t\t<div class=\"elementor-section-wrap\">\n\t\t\t\t\t\t\t<section class=\"elementor-section elementor-top-section elementor-element elementor-element-dc6d032 elementor-section-boxed elementor-section-height-default elementor-section-height-default\" data-id=\"dc6d032\" data-element_type=\"section\">\n\t\t\t\t\t\t<div class=\"elementor-container elementor-column-gap-default\">\n\t\t\t\t\t<div class=\"elementor-column elementor-col-100 elementor-top-column elementor-element elementor-element-f140061\" data-id=\"f140061\" data-element_type=\"column\">\n\t\t\t<div class=\"elementor-widget-wrap\">\n\t\t\t\t\t\t\t\t\t<\/div>\n\t\t<\/div>\n\t\t\t\t\t\t\t<\/div>\n\t\t<\/section>\n\t\t\t\t<section class=\"elementor-section elementor-top-section elementor-element elementor-element-cedcc43 elementor-section-boxed elementor-section-height-default elementor-section-height-default\" data-id=\"cedcc43\" data-element_type=\"section\" data-settings=\"{&quot;background_background&quot;:&quot;classic&quot;}\">\n\t\t\t\t\t\t<div class=\"elementor-container elementor-column-gap-default\">\n\t\t\t\t\t<div class=\"elementor-column elementor-col-100 elementor-top-column elementor-element elementor-element-6f61b02\" data-id=\"6f61b02\" data-element_type=\"column\">\n\t\t\t<div class=\"elementor-widget-wrap elementor-element-populated\">\n\t\t\t\t\t\t\t\t<div class=\"elementor-element elementor-element-2708430 elementor-invisible elementor-widget elementor-widget-sc-heading\" data-id=\"2708430\" data-element_type=\"widget\" data-settings=\"{&quot;_animation&quot;:&quot;zoomIn&quot;}\" data-widget_type=\"sc-heading.default\">\n\t\t\t\t<div class=\"elementor-widget-container\">\n\t\t\t\t\t<div id=\"wt-at-2708430\" class=\"headng-wrap center\">\r\n\t\t\t<div class=\"section-heading\">\r\n\t\t\t\t\t\t\t\t\t\t\t<h2\r\n\t\t\t\t \t\t\t\t>OFERTA<\/h2>\r\n\t\t\t\t\t\t\t\t\t\t\t<\/div>\r\n\t\t<\/div>\r\n\r\n\t\t\t<\/div>\n\t\t\t\t<\/div>\n\t\t\t\t\t<\/div>\n\t\t<\/div>\n\t\t\t\t\t\t\t<\/div>\n\t\t<\/section>\n\t\t\t\t<section class=\"elementor-section elementor-top-section elementor-element elementor-element-90c4197 elementor-section-boxed elementor-section-height-default elementor-section-height-default\" data-id=\"90c4197\" data-element_type=\"section\" data-settings=\"{&quot;background_background&quot;:&quot;classic&quot;}\">\n\t\t\t\t\t\t<div class=\"elementor-container elementor-column-gap-default\">\n\t\t\t\t\t<div class=\"elementor-column elementor-col-100 elementor-top-column elementor-element elementor-element-a9c03f9\" data-id=\"a9c03f9\" data-element_type=\"column\">\n\t\t\t<div class=\"elementor-widget-wrap elementor-element-populated\">\n\t\t\t\t\t\t\t\t<div class=\"elementor-element elementor-element-fd4b378 elementor-invisible elementor-widget elementor-widget-text-editor\" data-id=\"fd4b378\" data-element_type=\"widget\" data-settings=\"{&quot;_animation&quot;:&quot;zoomIn&quot;}\" data-widget_type=\"text-editor.default\">\n\t\t\t\t<div class=\"elementor-widget-container\">\n\t\t\t\t\t\t\t<p><\/p>\n<p>Zapraszam Was na naturalne sesje zdj\u0119ciowe w otoczeniu Szczyrkowskich G\u00f3r lub przy blasku jeziora \u017bywieckiego. Chcia\u0142abym aby sesja by\u0142a dla Was pami\u0105tk\u0105 na d\u0142ugie lata. Pokazywa\u0142a Was takimi jakimi jeste\u015bcie w otoczeniu naturalnych krajobraz\u00f3w \ud83d\ude42&nbsp;&nbsp;D\u0142ugo my\u015b\u0142a\u0142am jak ma wygl\u0105da\u0107 oferta sesji. Por\u00f3wnywa\u0142am, szuka\u0142am w ko\u0144cu postawi\u0142am na swoj\u0105 intuicj\u0119. Chce \u017ceby stworzenie sesji by\u0142o dla mnie i dla Was przyjemno\u015bci\u0105. Dlatego wybierzmy si\u0119 razem na spacer, \u0142apmy momenty. Nie chce z godzinnej sesji oferowa\u0107 Wam 8 wybranych zdj\u0119\u0107 poniewa\u017c wiem , \u017ce zar\u00f3wno Wam jak i mi ci\u0119\u017cko wybra\u0107.&nbsp; Dlatego zapraszam Was na plenery, z kt\u00f3rych dostaniecie oko\u0142o 30 starannie wyselekcjonowanych&nbsp; zdj\u0119\u0107. B\u0119d\u0105 to zdj\u0119cia z delikatn\u0105 naturaln\u0105 obr\u00f3bk\u0105 graficzn\u0105. Skupimy si\u0119 na kadrach pe\u0142nych zabawy, mi\u0142o\u015bci i blisko\u015bci. Wybierzemy miejsce por\u0119 i p\u00f3jdziemy szuka\u0107 promieni zachodz\u0105cego s\u0142o\u0144ca. Je\u017celi wolicie bardziej intymny klimat ch\u0119tnie przyjad\u0119 do Was do domu uwieczni\u0107 wasz\u0105 codzienno\u015b\u0107. Przytulanie, wsp\u00f3lne gotowanie, wasze pasje. Postaram si\u0119 stworzy\u0107 kawa\u0142ek Waszej codzienno\u015bci w formie zdj\u0119\u0107. W efekcie ka\u017cdej sesji otrzymacie ode mnie pakiet zdj\u0119\u0107 w wersji elektronicznej a je\u017celi b\u0119dziecie chcieli dodatkowo album lub odbitki w pude\u0142eczku.<\/p>\n<div><span style=\"color: var( --e-global-color-text ); font-weight: var( --e-global-typography-text-font-weight );\">&nbsp;<\/span><\/div>\n<div>&nbsp;<\/div>\t\t\t\t\t\t<\/div>\n\t\t\t\t<\/div>\n\t\t\t\t\t<\/div>\n\t\t<\/div>\n\t\t\t\t\t\t\t<\/div>\n\t\t<\/section>\n\t\t\t\t<section class=\"elementor-section elementor-top-section elementor-element elementor-element-3ec798f elementor-section-boxed elementor-section-height-default elementor-section-height-default elementor-invisible\" data-id=\"3ec798f\" data-element_type=\"section\" data-settings=\"{&quot;background_background&quot;:&quot;classic&quot;,&quot;animation&quot;:&quot;fadeInLeft&quot;}\">\n\t\t\t\t\t\t<div class=\"elementor-container elementor-column-gap-default\">\n\t\t\t\t\t<div class=\"elementor-column elementor-col-33 elementor-top-column elementor-element elementor-element-7f4df49\" data-id=\"7f4df49\" data-element_type=\"column\">\n\t\t\t<div class=\"elementor-widget-wrap elementor-element-populated\">\n\t\t\t\t\t\t\t\t<div class=\"elementor-element elementor-element-2021e35 dl-align-center elementor-widget elementor-widget-sc_promo_box\" data-id=\"2021e35\" data-element_type=\"widget\" data-settings=\"{&quot;dl_content_align&quot;:&quot;center&quot;}\" data-widget_type=\"sc_promo_box.default\">\n\t\t\t\t<div class=\"elementor-widget-container\">\n\t\t\t\t\t<div class=\"dl-promo-item\">\r\n\t\t\t<img width=\"730\" height=\"487\" src=\"https:\/\/swiatloicisza.pl\/wp-content\/uploads\/2022\/04\/20-768x512.jpg\" class=\"attachment-medium_large size-medium_large\" alt=\"\" loading=\"lazy\" \/>\t\t\t<h3 >SESJE RODZINNE<\/h3>\t\t\t<p >Naturalne plenerowe sesje rodzinne<\/p>\t\t\t\t\t\t\t<a href=\"https:\/\/swiatloicisza.pl\/index.php\/sesje-milosne\/\"   rel=\"nofollow\" class=\"read-more\">dowiedz si\u0119 wi\u0119cej<\/a>\r\n\t\t\t\t\t<\/div>\r\n\t\t\t<\/div>\n\t\t\t\t<\/div>\n\t\t\t\t<div class=\"elementor-element elementor-element-a1f42d5 dl-align-center elementor-widget elementor-widget-sc_promo_box\" data-id=\"a1f42d5\" data-element_type=\"widget\" data-settings=\"{&quot;dl_content_align&quot;:&quot;center&quot;}\" data-widget_type=\"sc_promo_box.default\">\n\t\t\t\t<div class=\"elementor-widget-container\">\n\t\t\t\t\t<div class=\"dl-promo-item\">\r\n\t\t\t<img width=\"730\" height=\"488\" src=\"https:\/\/swiatloicisza.pl\/wp-content\/uploads\/2022\/04\/DSC_2197-2-1-768x513.jpg\" class=\"attachment-medium_large size-medium_large\" alt=\"\" loading=\"lazy\" \/>\t\t\t<h3 >WIECZORY PANIE\u0143SKIE<\/h3>\t\t\t<p >Sesje podzczas wieczor\u00f3w Panie\u0144skich w Szczyrku i okolicach<\/p>\t\t\t\t\t\t\t<a href=\"https:\/\/swiatloicisza.pl\/index.php\/sesje-milosne-2\/\"   rel=\"nofollow\" class=\"read-more\">dowiedz si\u0119 wi\u0119cej<\/a>\r\n\t\t\t\t\t<\/div>\r\n\t\t\t<\/div>\n\t\t\t\t<\/div>\n\t\t\t\t\t<\/div>\n\t\t<\/div>\n\t\t\t\t<div class=\"elementor-column elementor-col-33 elementor-top-column elementor-element elementor-element-e6005f4\" data-id=\"e6005f4\" data-element_type=\"column\">\n\t\t\t<div class=\"elementor-widget-wrap elementor-element-populated\">\n\t\t\t\t\t\t\t\t<div class=\"elementor-element elementor-element-cb439b0 dl-align-center elementor-widget elementor-widget-sc_promo_box\" data-id=\"cb439b0\" data-element_type=\"widget\" data-settings=\"{&quot;dl_content_align&quot;:&quot;center&quot;}\" data-widget_type=\"sc_promo_box.default\">\n\t\t\t\t<div class=\"elementor-widget-container\">\n\t\t\t\t\t<div class=\"dl-promo-item\">\r\n\t\t\t<img width=\"730\" height=\"487\" src=\"https:\/\/swiatloicisza.pl\/wp-content\/uploads\/2022\/04\/gotowe-25-768x512.jpg\" class=\"attachment-medium_large size-medium_large\" alt=\"\" loading=\"lazy\" \/>\t\t\t<h3 >SESJE MI\u0141OSNE<\/h3>\t\t\t<p >Naturalne plenerowe sesje mi\u0142osne<\/p>\t\t\t\t\t\t\t<a href=\"https:\/\/swiatloicisza.pl\/index.php\/sesje-rodzinne\/\"   rel=\"nofollow\" class=\"read-more\">dowiedz si\u0119 wi\u0119cej<\/a>\r\n\t\t\t\t\t<\/div>\r\n\t\t\t<\/div>\n\t\t\t\t<\/div>\n\t\t\t\t<div class=\"elementor-element elementor-element-1b28823 dl-align-center elementor-widget elementor-widget-sc_promo_box\" data-id=\"1b28823\" data-element_type=\"widget\" data-settings=\"{&quot;dl_content_align&quot;:&quot;center&quot;}\" data-widget_type=\"sc_promo_box.default\">\n\t\t\t\t<div class=\"elementor-widget-container\">\n\t\t\t\t\t<div class=\"dl-promo-item\">\r\n\t\t\t<img width=\"730\" height=\"488\" src=\"https:\/\/swiatloicisza.pl\/wp-content\/uploads\/2022\/04\/1-1-768x513.jpg\" class=\"attachment-medium_large size-medium_large\" alt=\"\" loading=\"lazy\" \/>\t\t\t<h3 >CHRZCZINY strona w budowie<\/h3>\t\t\t<p >Reporta\u017c Chrztu \u015awi\u0119tego<\/p>\t\t\t\t\t\t\t<a href=\"\"   rel=\"nofollow\" class=\"read-more\">dowiedz si\u0119 wi\u0119cej<\/a>\r\n\t\t\t\t\t<\/div>\r\n\t\t\t<\/div>\n\t\t\t\t<\/div>\n\t\t\t\t\t<\/div>\n\t\t<\/div>\n\t\t\t\t<div class=\"elementor-column elementor-col-33 elementor-top-column elementor-element elementor-element-6ba6b5e\" data-id=\"6ba6b5e\" data-element_type=\"column\">\n\t\t\t<div class=\"elementor-widget-wrap elementor-element-populated\">\n\t\t\t\t\t\t\t\t<div class=\"elementor-element elementor-element-5366e4e dl-align-center elementor-widget elementor-widget-sc_promo_box\" data-id=\"5366e4e\" data-element_type=\"widget\" data-settings=\"{&quot;dl_content_align&quot;:&quot;center&quot;}\" data-widget_type=\"sc_promo_box.default\">\n\t\t\t\t<div class=\"elementor-widget-container\">\n\t\t\t\t\t<div class=\"dl-promo-item\">\r\n\t\t\t<img width=\"730\" height=\"488\" src=\"https:\/\/swiatloicisza.pl\/wp-content\/uploads\/2022\/04\/30-768x513.jpg\" class=\"attachment-medium_large size-medium_large\" alt=\"\" loading=\"lazy\" \/>\t\t\t<h3 >SESJE CI\u0104\u017bOWE<\/h3>\t\t\t<p >Naturalne plenerowe sesje ci\u0105\u017cowe<\/p>\t\t\t\t\t\t\t<a href=\"https:\/\/swiatloicisza.pl\/index.php\/sesje-ciazowe\/\"   rel=\"nofollow\" class=\"read-more\">dowiedz si\u0119 wi\u0119cej<\/a>\r\n\t\t\t\t\t<\/div>\r\n\t\t\t<\/div>\n\t\t\t\t<\/div>\n\t\t\t\t<div class=\"elementor-element elementor-element-6150e74 dl-align-center elementor-widget elementor-widget-sc_promo_box\" data-id=\"6150e74\" data-element_type=\"widget\" data-settings=\"{&quot;dl_content_align&quot;:&quot;center&quot;}\" data-widget_type=\"sc_promo_box.default\">\n\t\t\t\t<div class=\"elementor-widget-container\">\n\t\t\t\t\t<div class=\"dl-promo-item\">\r\n\t\t\t<img width=\"730\" height=\"469\" src=\"https:\/\/swiatloicisza.pl\/wp-content\/uploads\/2022\/05\/1a-768x493.jpg\" class=\"attachment-medium_large size-medium_large\" alt=\"\" loading=\"lazy\" \/>\t\t\t<h3 >SESJE LIFESTYLE strona w budowie<\/h3>\t\t\t<p >sesje w zaciszu Waszych dom\u00f3w<\/p>\t\t\t\t\t\t\t<a href=\"\"   rel=\"nofollow\" class=\"read-more\">dowiedz si\u0119 wi\u0119cej<\/a>\r\n\t\t\t\t\t<\/div>\r\n\t\t\t<\/div>\n\t\t\t\t<\/div>\n\t\t\t\t\t<\/div>\n\t\t<\/div>\n\t\t\t\t\t\t\t<\/div>\n\t\t<\/section>\n\t\t\t\t<section class=\"elementor-section elementor-top-section elementor-element elementor-element-fce5648 elementor-section-boxed elementor-section-height-default elementor-section-height-default\" data-id=\"fce5648\" data-element_type=\"section\">\n\t\t\t\t\t\t<div class=\"elementor-container elementor-column-gap-default\">\n\t\t\t\t\t<div class=\"elementor-column elementor-col-33 elementor-top-column elementor-element elementor-element-e167358\" data-id=\"e167358\" data-element_type=\"column\">\n\t\t\t<div class=\"elementor-widget-wrap\">\n\t\t\t\t\t\t\t\t\t<\/div>\n\t\t<\/div>\n\t\t\t\t<div class=\"elementor-column elementor-col-33 elementor-top-column elementor-element elementor-element-0911182\" data-id=\"0911182\" data-element_type=\"column\">\n\t\t\t<div class=\"elementor-widget-wrap\">\n\t\t\t\t\t\t\t\t\t<\/div>\n\t\t<\/div>\n\t\t\t\t<div class=\"elementor-column elementor-col-33 elementor-top-column elementor-element elementor-element-6b02b10\" data-id=\"6b02b10\" data-element_type=\"column\">\n\t\t\t<div class=\"elementor-widget-wrap\">\n\t\t\t\t\t\t\t\t\t<\/div>\n\t\t<\/div>\n\t\t\t\t\t\t\t<\/div>\n\t\t<\/section>\n\t\t\t\t<section class=\"elementor-section elementor-top-section elementor-element elementor-element-d606b4c elementor-section-boxed elementor-section-height-default elementor-section-height-default\" data-id=\"d606b4c\" data-element_type=\"section\">\n\t\t\t\t\t\t<div class=\"elementor-container elementor-column-gap-default\">\n\t\t\t\t\t<div class=\"elementor-column elementor-col-50 elementor-top-column elementor-element elementor-element-675cbd5\" data-id=\"675cbd5\" data-element_type=\"column\">\n\t\t\t<div class=\"elementor-widget-wrap\">\n\t\t\t\t\t\t\t\t\t<\/div>\n\t\t<\/div>\n\t\t\t\t<div class=\"elementor-column elementor-col-50 elementor-top-column elementor-element elementor-element-734d8f8\" data-id=\"734d8f8\" data-element_type=\"column\">\n\t\t\t<div class=\"elementor-widget-wrap\">\n\t\t\t\t\t\t\t\t\t<\/div>\n\t\t<\/div>\n\t\t\t\t\t\t\t<\/div>\n\t\t<\/section>\n\t\t\t\t\t\t<\/div>\n\t\t\t\t\t<\/div>\n\t\t","protected":false},"excerpt":{"rendered":"<p>OFERTA Zapraszam Was na naturalne sesje zdj\u0119ciowe w otoczeniu Szczyrkowskich G\u00f3r lub przy blasku jeziora \u017bywieckiego. Chcia\u0142abym aby sesja by\u0142a dla Was pami\u0105tk\u0105 na d\u0142ugie lata. Pokazywa\u0142a Was takimi jakimi jeste\u015bcie w otoczeniu naturalnych krajobraz\u00f3w \ud83d\ude42&nbsp;&nbsp;D\u0142ugo my\u015b\u0142a\u0142am jak ma wygl\u0105da\u0107 oferta sesji. Por\u00f3wnywa\u0142am, szuka\u0142am w ko\u0144cu postawi\u0142am na swoj\u0105 intuicj\u0119. Chce \u017ceby stworzenie sesji by\u0142o<\/p>\n","protected":false},"author":1,"featured_media":0,"parent":0,"menu_order":0,"comment_status":"closed","ping_status":"closed","template":"elementor_header_footer","meta":[],"_links":{"self":[{"href":"https:\/\/swiatloicisza.pl\/index.php\/wp-json\/wp\/v2\/pages\/986"}],"collection":[{"href":"https:\/\/swiatloicisza.pl\/index.php\/wp-json\/wp\/v2\/pages"}],"about":[{"href":"https:\/\/swiatloicisza.pl\/index.php\/wp-json\/wp\/v2\/types\/page"}],"author":[{"embeddable":true,"href":"https:\/\/swiatloicisza.pl\/index.php\/wp-json\/wp\/v2\/users\/1"}],"replies":[{"embeddable":true,"href":"https:\/\/swiatloicisza.pl\/index.php\/wp-json\/wp\/v2\/comments?post=986"}],"version-history":[{"count":28,"href":"https:\/\/swiatloicisza.pl\/index.php\/wp-json\/wp\/v2\/pages\/986\/revisions"}],"predecessor-version":[{"id":1244,"href":"https:\/\/swiatloicisza.pl\/index.php\/wp-json\/wp\/v2\/pages\/986\/revisions\/1244"}],"wp:attachment":[{"href":"https:\/\/swiatloicisza.pl\/index.php\/wp-json\/wp\/v2\/media?parent=986"}],"curies":[{"name":"wp","href":"https:\/\/api.w.org\/{rel}","templated":true}]}}