{"id":1076,"date":"2022-04-29T08:14:02","date_gmt":"2022-04-29T08:14:02","guid":{"rendered":"https:\/\/swiatloicisza.pl\/?page_id=1076"},"modified":"2022-09-08T18:56:16","modified_gmt":"2022-09-08T18:56:16","slug":"sesje-milosne","status":"publish","type":"page","link":"https:\/\/swiatloicisza.pl\/index.php\/sesje-milosne\/","title":{"rendered":"Sesje Rodzinne"},"content":{"rendered":"\t\t<div data-elementor-type=\"wp-page\" data-elementor-id=\"1076\" class=\"elementor elementor-1076\" data-elementor-settings=\"[]\">\n\t\t\t\t\t\t\t<div class=\"elementor-section-wrap\">\n\t\t\t\t\t\t\t<section class=\"elementor-section elementor-top-section elementor-element elementor-element-b521d72 elementor-section-full_width elementor-section-height-default elementor-section-height-default\" data-id=\"b521d72\" data-element_type=\"section\" data-settings=\"{&quot;background_background&quot;:&quot;classic&quot;}\">\n\t\t\t\t\t\t<div class=\"elementor-container elementor-column-gap-default\">\n\t\t\t\t\t<div class=\"elementor-column elementor-col-100 elementor-top-column elementor-element elementor-element-0c29cc6\" data-id=\"0c29cc6\" data-element_type=\"column\">\n\t\t\t<div class=\"elementor-widget-wrap elementor-element-populated\">\n\t\t\t\t\t\t\t\t<div class=\"elementor-element elementor-element-4758487 elementor-widget elementor-widget-sc-heading\" data-id=\"4758487\" data-element_type=\"widget\" data-widget_type=\"sc-heading.default\">\n\t\t\t\t<div class=\"elementor-widget-container\">\n\t\t\t\t\t<div id=\"wt-at-4758487\" class=\"headng-wrap center\">\r\n\t\t\t<div class=\"section-heading\">\r\n\t\t\t\t\t\t\t\t\t\t\t<h2\r\n\t\t\t\t \t\t\t\t>SESJE RODZINNE<\/h2>\r\n\t\t\t\t\t\t\t\t\t\t\t<\/div>\r\n\t\t<\/div>\r\n\r\n\t\t\t<\/div>\n\t\t\t\t<\/div>\n\t\t\t\t\t<\/div>\n\t\t<\/div>\n\t\t\t\t\t\t\t<\/div>\n\t\t<\/section>\n\t\t\t\t<section class=\"elementor-section elementor-top-section elementor-element elementor-element-bab1d5b elementor-section-boxed elementor-section-height-default elementor-section-height-default\" data-id=\"bab1d5b\" data-element_type=\"section\">\n\t\t\t\t\t\t<div class=\"elementor-container elementor-column-gap-default\">\n\t\t\t\t\t<div class=\"elementor-column elementor-col-100 elementor-top-column elementor-element elementor-element-a7727a9\" data-id=\"a7727a9\" data-element_type=\"column\">\n\t\t\t<div class=\"elementor-widget-wrap elementor-element-populated\">\n\t\t\t\t\t\t\t\t<div class=\"elementor-element elementor-element-26901d7 elementor-widget elementor-widget-text-editor\" data-id=\"26901d7\" data-element_type=\"widget\" data-widget_type=\"text-editor.default\">\n\t\t\t\t<div class=\"elementor-widget-container\">\n\t\t\t\t\t\t\t<h2>Ka\u017cda rodzina powinna mie\u0107 wsp\u00f3lne zdj\u0119cia<em style=\"font-size: 28px; letter-spacing: 0px; text-align: center; background-color: rgba(237, 229, 229, 0);\">&#8230;.<\/em><\/h2>\t\t\t\t\t\t<\/div>\n\t\t\t\t<\/div>\n\t\t\t\t<div class=\"elementor-element elementor-element-34834fa elementor-widget elementor-widget-text-editor\" data-id=\"34834fa\" data-element_type=\"widget\" data-widget_type=\"text-editor.default\">\n\t\t\t\t<div class=\"elementor-widget-container\">\n\t\t\t\t\t\t\t<p>Ka\u017cdy moment jest dobry aby zrobi\u0107 rodzinn\u0105 sesj\u0119. Je\u017celi tylko chcecie mie\u0107 wsp\u00f3lne zdj\u0119cia zapraszam po naturalne rodzinne kadry podczas spaceru. Ba\u0144ki mydlane, \u0142askotki, blask zachodz\u0105cego s\u0142o\u0144ca. Uwieczni\u0119 Twoj\u0105 rodzin\u0119 w pi\u0119knych okoliczno\u015bciach przyrody, zapraszam na wsp\u00f3lny spacer po kt\u00f3rym migawki z Waszego \u017cycia zostan\u0105 z Wami ju\u017c na zawsze. Zapraszam osoby w Ka\u017cdym wieku. Rodziny z dzie\u0107mi, starsze dzieci z rodzicami, babcie z wnukami.<\/p>\t\t\t\t\t\t<\/div>\n\t\t\t\t<\/div>\n\t\t\t\t\t<\/div>\n\t\t<\/div>\n\t\t\t\t\t\t\t<\/div>\n\t\t<\/section>\n\t\t\t\t<section class=\"elementor-section elementor-top-section elementor-element elementor-element-178ffb0 elementor-section-boxed elementor-section-height-default elementor-section-height-default\" data-id=\"178ffb0\" data-element_type=\"section\">\n\t\t\t\t\t\t<div class=\"elementor-container elementor-column-gap-default\">\n\t\t\t\t\t<div class=\"elementor-column elementor-col-100 elementor-top-column elementor-element elementor-element-eac3ef5\" data-id=\"eac3ef5\" data-element_type=\"column\">\n\t\t\t<div class=\"elementor-widget-wrap\">\n\t\t\t\t\t\t\t\t\t<\/div>\n\t\t<\/div>\n\t\t\t\t\t\t\t<\/div>\n\t\t<\/section>\n\t\t\t\t<section class=\"elementor-section elementor-top-section elementor-element elementor-element-3e6f7e3 elementor-section-boxed elementor-section-height-default elementor-section-height-default\" data-id=\"3e6f7e3\" data-element_type=\"section\" data-settings=\"{&quot;background_background&quot;:&quot;classic&quot;}\">\n\t\t\t\t\t\t<div class=\"elementor-container elementor-column-gap-default\">\n\t\t\t\t\t<div class=\"elementor-column elementor-col-100 elementor-top-column elementor-element elementor-element-1fbdba9\" data-id=\"1fbdba9\" data-element_type=\"column\">\n\t\t\t<div class=\"elementor-widget-wrap elementor-element-populated\">\n\t\t\t\t\t\t\t\t<div class=\"elementor-element elementor-element-477bec1 elementor-widget elementor-widget-sc_list\" data-id=\"477bec1\" data-element_type=\"widget\" data-widget_type=\"sc_list.default\">\n\t\t\t\t<div class=\"elementor-widget-container\">\n\t\t\t<ul class=\"wt-list\"><li class=\"list-item\"><span class=\"list-icon\"><span>1<\/span><\/span><h4>Oko\u0142o 30 zdj\u0119\u0107<\/h4><p>30 najpi\u0119kniejszych starannie wybranych uj\u0119\u0107.<\/p><\/li><li class=\"list-item\"><span class=\"list-icon\"><span>2<\/span><\/span><h4>Oko\u0142o godzinna sesja<\/h4><p>Sesja zdj\u0119ciowa w wybranym miejscu. Okolice Szczyrku, \u017bywca, Bielska.<\/p><\/li><li class=\"list-item\"><span class=\"list-icon\"><span>3<\/span><\/span><h4>Galeria Online<\/h4><p>Wszystkie zdj\u0119cia w wygodnej galerii online<\/p><\/li><li class=\"list-item\"><span class=\"list-icon\"><span>4<\/span><\/span><h4>Mo\u017cliwo\u015b\u0107 dokupienia odbitek<\/h4><p>Mo\u017cliwo\u015b\u0107 dokupienia albumu lub wywo\u0142anych fotografi z sesji.<\/p><\/li><li class=\"list-item\"><span class=\"list-icon\"><span>5<\/span><\/span><h4>Prezentacja zdj\u0119\u0107<\/h4><p>Prosta prezentacja zdj\u0119\u0107 z muzyk\u0105, kt\u00f3r\u0105 zawsze b\u0119dziecie mogli wsp\u00f3lnie ogl\u0105da\u0107<\/p><\/li><\/ul>\t\t<\/div>\n\t\t\t\t<\/div>\n\t\t\t\t<div class=\"elementor-element elementor-element-480aac4 elementor-widget elementor-widget-sc-heading\" data-id=\"480aac4\" data-element_type=\"widget\" data-widget_type=\"sc-heading.default\">\n\t\t\t\t<div class=\"elementor-widget-container\">\n\t\t\t\t\t<div id=\"wt-at-480aac4\" class=\"headng-wrap center\">\r\n\t\t\t<div class=\"section-heading\">\r\n\t\t\t\t\t\t\t\t\t\t\t<h2\r\n\t\t\t\t \t\t\t\t>350 z\u0142<\/h2>\r\n\t\t\t\t\t\t\t\t\t\t\t<\/div>\r\n\t\t<\/div>\r\n\r\n\t\t\t<\/div>\n\t\t\t\t<\/div>\n\t\t\t\t\t<\/div>\n\t\t<\/div>\n\t\t\t\t\t\t\t<\/div>\n\t\t<\/section>\n\t\t\t\t<section class=\"elementor-section elementor-top-section elementor-element elementor-element-d3e0557 elementor-section-boxed elementor-section-height-default elementor-section-height-default\" data-id=\"d3e0557\" data-element_type=\"section\">\n\t\t\t\t\t\t<div class=\"elementor-container elementor-column-gap-default\">\n\t\t\t\t\t<div class=\"elementor-column elementor-col-100 elementor-top-column elementor-element elementor-element-dfab90d\" data-id=\"dfab90d\" data-element_type=\"column\">\n\t\t\t<div class=\"elementor-widget-wrap\">\n\t\t\t\t\t\t\t\t\t<\/div>\n\t\t<\/div>\n\t\t\t\t\t\t\t<\/div>\n\t\t<\/section>\n\t\t\t\t<section class=\"elementor-section elementor-top-section elementor-element elementor-element-4ccd928 elementor-section-boxed elementor-section-height-default elementor-section-height-default\" data-id=\"4ccd928\" data-element_type=\"section\">\n\t\t\t\t\t\t<div class=\"elementor-container elementor-column-gap-default\">\n\t\t\t\t\t<div class=\"elementor-column elementor-col-100 elementor-top-column elementor-element elementor-element-df9f629\" data-id=\"df9f629\" data-element_type=\"column\">\n\t\t\t<div class=\"elementor-widget-wrap elementor-element-populated\">\n\t\t\t\t\t\t\t\t<div class=\"elementor-element elementor-element-98d78c1 elementor-widget elementor-widget-sc_photo_carousel\" data-id=\"98d78c1\" data-element_type=\"widget\" data-widget_type=\"sc_photo_carousel.default\">\n\t\t\t\t<div class=\"elementor-widget-container\">\n\t\t\t\t\t\t\t<div class=\"dl-photo-carousel visable-on-hover dl-navigation dl-bullets\"\r\n\t\t\t\tdata-loop=\"true\" \r\n\t\t\t\tdata-autoplay=\"true\" \r\n\t\t\t\tdata-speed=\"1000\" \r\n\t\t\t\tdata-space-between=\"10\" \r\n\t\t\t\tdata-initial-slide=\"1\" \r\n\t\t\t\tdata-mousewheel=\"true\" \r\n\t\t\t\tdata-pagination=\"true\" \r\n\t\t\t\tdata-navigation=\"true\"\r\n\t\t\t\t>\r\n\t\t\t\t\t<div class=\"swiper-wrapper\">\r\n\t\t\t\t\t\t\t\t\t\t\t<div class=\"swiper-slide\">\r\n\t\t\t\t\t\t<img src=\"https:\/\/swiatloicisza.pl\/wp-content\/uploads\/2022\/09\/DSC03447.jpg\" alt=\"sesje rodzinne bielsko\"\/>\t\t\t\t\t\t<\/div>\r\n\t\t\t\t\t\t\t\t\t\t\t<div class=\"swiper-slide\">\r\n\t\t\t\t\t\t<img src=\"https:\/\/swiatloicisza.pl\/wp-content\/uploads\/2022\/09\/DSC03411.jpg\" alt=\"sesje rodzinne bielsko\"\/>\t\t\t\t\t\t<\/div>\r\n\t\t\t\t\t\t\t\t\t\t\t<div class=\"swiper-slide\">\r\n\t\t\t\t\t\t<img src=\"https:\/\/swiatloicisza.pl\/wp-content\/uploads\/2022\/04\/12m.jpg\" alt=\"12m\"\/>\t\t\t\t\t\t<\/div>\r\n\t\t\t\t\t\t\t\t\t\t\t<div class=\"swiper-slide\">\r\n\t\t\t\t\t\t<img src=\"https:\/\/swiatloicisza.pl\/wp-content\/uploads\/2022\/09\/DSC03413.jpg\" alt=\"sesje rodzinne szczyrk\"\/>\t\t\t\t\t\t<\/div>\r\n\t\t\t\t\t\t\t\t\t\t\t<div class=\"swiper-slide\">\r\n\t\t\t\t\t\t<img src=\"https:\/\/swiatloicisza.pl\/wp-content\/uploads\/2022\/04\/20-scaled.jpg\" alt=\"20\"\/>\t\t\t\t\t\t<\/div>\r\n\t\t\t\t\t\t\t\t\t\t\t<div class=\"swiper-slide\">\r\n\t\t\t\t\t\t<img src=\"https:\/\/swiatloicisza.pl\/wp-content\/uploads\/2022\/09\/DSC03771.jpg\" alt=\"sesje rodzinne bielsko\"\/>\t\t\t\t\t\t<\/div>\r\n\t\t\t\t\t\t\t\t\t\t\t<div class=\"swiper-slide\">\r\n\t\t\t\t\t\t<img src=\"https:\/\/swiatloicisza.pl\/wp-content\/uploads\/2022\/04\/13-scaled.jpg\" alt=\"13\"\/>\t\t\t\t\t\t<\/div>\r\n\t\t\t\t\t\t\t\t\t\t\t<div class=\"swiper-slide\">\r\n\t\t\t\t\t\t<img src=\"https:\/\/swiatloicisza.pl\/wp-content\/uploads\/2022\/04\/22m.jpg\" alt=\"22m\"\/>\t\t\t\t\t\t<\/div>\r\n\t\t\t\t\t\t\t\t\t\t\t<div class=\"swiper-slide\">\r\n\t\t\t\t\t\t<img src=\"https:\/\/swiatloicisza.pl\/wp-content\/uploads\/2022\/04\/27m-1.jpg\" alt=\"27m\"\/>\t\t\t\t\t\t<\/div>\r\n\t\t\t\t\t\t\t\t\t\t\t<div class=\"swiper-slide\">\r\n\t\t\t\t\t\t<img src=\"https:\/\/swiatloicisza.pl\/wp-content\/uploads\/2022\/04\/DSC06738-scaled.jpg\" alt=\"DSC06738\"\/>\t\t\t\t\t\t<\/div>\r\n\t\t\t\t\t\t\t\t\t\t\t<div class=\"swiper-slide\">\r\n\t\t\t\t\t\t<img src=\"https:\/\/swiatloicisza.pl\/wp-content\/uploads\/2022\/04\/5m.jpg\" alt=\"5m\"\/>\t\t\t\t\t\t<\/div>\r\n\t\t\t\t\t\t\t\t\t\t\t<div class=\"swiper-slide\">\r\n\t\t\t\t\t\t<img src=\"https:\/\/swiatloicisza.pl\/wp-content\/uploads\/2022\/04\/24m.jpg\" alt=\"24m\"\/>\t\t\t\t\t\t<\/div>\r\n\t\t\t\t\t\t\t\t\t\t\t<div class=\"swiper-slide\">\r\n\t\t\t\t\t\t<img src=\"https:\/\/swiatloicisza.pl\/wp-content\/uploads\/2022\/04\/23m.jpg\" alt=\"23m\"\/>\t\t\t\t\t\t<\/div>\r\n\t\t\t\t\t\t\t\t\t\t\t<div class=\"swiper-slide\">\r\n\t\t\t\t\t\t<img src=\"https:\/\/swiatloicisza.pl\/wp-content\/uploads\/2022\/04\/9m.jpg\" alt=\"9m\"\/>\t\t\t\t\t\t<\/div>\r\n\t\t\t\t\t\t\t\t\t\t\t<div class=\"swiper-slide\">\r\n\t\t\t\t\t\t<img src=\"https:\/\/swiatloicisza.pl\/wp-content\/uploads\/2022\/04\/28-scaled.jpg\" alt=\"28\"\/>\t\t\t\t\t\t<\/div>\r\n\t\t\t\t\t\t\t\t\t\t\t<div class=\"swiper-slide\">\r\n\t\t\t\t\t\t<img src=\"https:\/\/swiatloicisza.pl\/wp-content\/uploads\/2022\/04\/14m.jpg\" alt=\"14m\"\/>\t\t\t\t\t\t<\/div>\r\n\t\t\t\t\t\t\t\t\t\t\t<div class=\"swiper-slide\">\r\n\t\t\t\t\t\t<img src=\"https:\/\/swiatloicisza.pl\/wp-content\/uploads\/2022\/09\/DSC03555.jpg\" alt=\"sesje rodzinne bielsko\"\/>\t\t\t\t\t\t<\/div>\r\n\t\t\t\t\t\t\t\t\t\t\t<div class=\"swiper-slide\">\r\n\t\t\t\t\t\t<img src=\"https:\/\/swiatloicisza.pl\/wp-content\/uploads\/2022\/04\/15m.jpg\" alt=\"15m\"\/>\t\t\t\t\t\t<\/div>\r\n\t\t\t\t\t\t\t\t\t\t\t<div class=\"swiper-slide\">\r\n\t\t\t\t\t\t<img src=\"https:\/\/swiatloicisza.pl\/wp-content\/uploads\/2022\/04\/19m.jpg\" alt=\"19m\"\/>\t\t\t\t\t\t<\/div>\r\n\t\t\t\t\t\t\t\t\t\t\t<div class=\"swiper-slide\">\r\n\t\t\t\t\t\t<img src=\"https:\/\/swiatloicisza.pl\/wp-content\/uploads\/2022\/04\/20m.jpg\" alt=\"20m\"\/>\t\t\t\t\t\t<\/div>\r\n\t\t\t\t\t\t\t\t\t\t\t<div class=\"swiper-slide\">\r\n\t\t\t\t\t\t<img src=\"https:\/\/swiatloicisza.pl\/wp-content\/uploads\/2022\/04\/21m-scaled.jpg\" alt=\"21m\"\/>\t\t\t\t\t\t<\/div>\r\n\t\t\t\t\t\t\t\t\t\t\t<div class=\"swiper-slide\">\r\n\t\t\t\t\t\t<img src=\"https:\/\/swiatloicisza.pl\/wp-content\/uploads\/2022\/04\/26m.jpg\" alt=\"26m\"\/>\t\t\t\t\t\t<\/div>\r\n\t\t\t\t\t\t\t\t\t\t\t<div class=\"swiper-slide\">\r\n\t\t\t\t\t\t<img src=\"https:\/\/swiatloicisza.pl\/wp-content\/uploads\/2022\/04\/30m.jpg\" alt=\"30m\"\/>\t\t\t\t\t\t<\/div>\r\n\t\t\t\t\t\t\t\t\t\t\t<div class=\"swiper-slide\">\r\n\t\t\t\t\t\t<img src=\"https:\/\/swiatloicisza.pl\/wp-content\/uploads\/2022\/04\/14m-1.jpg\" alt=\"14m\"\/>\t\t\t\t\t\t<\/div>\r\n\t\t\t\t\t\t\t\t\t\t\t<div class=\"swiper-slide\">\r\n\t\t\t\t\t\t<img src=\"https:\/\/swiatloicisza.pl\/wp-content\/uploads\/2022\/04\/15m-1.jpg\" alt=\"15m\"\/>\t\t\t\t\t\t<\/div>\r\n\t\t\t\t\t\t\t\t\t\t\t<div class=\"swiper-slide\">\r\n\t\t\t\t\t\t<img src=\"https:\/\/swiatloicisza.pl\/wp-content\/uploads\/2022\/04\/16m.jpg\" alt=\"16m\"\/>\t\t\t\t\t\t<\/div>\r\n\t\t\t\t\t\t\t\t\t\t\t<div class=\"swiper-slide\">\r\n\t\t\t\t\t\t<img src=\"https:\/\/swiatloicisza.pl\/wp-content\/uploads\/2022\/04\/DSC06771-scaled.jpg\" alt=\"DSC06771\"\/>\t\t\t\t\t\t<\/div>\r\n\t\t\t\t\t\t\t\t\t\t\t<div class=\"swiper-slide\">\r\n\t\t\t\t\t\t<img src=\"https:\/\/swiatloicisza.pl\/wp-content\/uploads\/2022\/04\/10-1-1-scaled.jpg\" alt=\"10 (1)\"\/>\t\t\t\t\t\t<\/div>\r\n\t\t\t\t\t\t\t\t\t\t\t<div class=\"swiper-slide\">\r\n\t\t\t\t\t\t<img src=\"https:\/\/swiatloicisza.pl\/wp-content\/uploads\/2022\/09\/DSC03375.jpg\" alt=\"sesje rodzinne bielsko\"\/>\t\t\t\t\t\t<\/div>\r\n\t\t\t\t\t\t\t\t\t\t\t<div class=\"swiper-slide\">\r\n\t\t\t\t\t\t<img src=\"https:\/\/swiatloicisza.pl\/wp-content\/uploads\/2022\/09\/DSC03429.jpg\" alt=\"sesje rodzinne bielsko\"\/>\t\t\t\t\t\t<\/div>\r\n\t\t\t\t\t\t\t\t\t\t\t<div class=\"swiper-slide\">\r\n\t\t\t\t\t\t<img src=\"https:\/\/swiatloicisza.pl\/wp-content\/uploads\/2022\/09\/DSC03567.jpg\" alt=\"sesje rodzinne bielsko\"\/>\t\t\t\t\t\t<\/div>\r\n\t\t\t\t\t\t\t\t\t\t\t<div class=\"swiper-slide\">\r\n\t\t\t\t\t\t<img src=\"https:\/\/swiatloicisza.pl\/wp-content\/uploads\/2022\/09\/DSC03693.jpg\" alt=\"sesje rodzinne bielsko\"\/>\t\t\t\t\t\t<\/div>\r\n\t\t\t\t\t\t\t\t\t\t<\/div>\r\n\t\t\t\t\t\t\t\t\t\t<!-- Add Pagination -->\r\n\t\t\t\t\t<div class=\"swiper-pagination\"><\/div>\r\n\t\t\t\t\t\t\t\t\t\t\t\t\t\t\t<!-- Add Arrows -->\r\n\t\t\t\t\t<div class=\"button-next\">&#8594;<\/div>\r\n\t\t\t\t\t<div class=\"button-prev\">&#8592;<\/div>\r\n\t\t\t\t\t\t\t\t\t<\/div>\r\n\t\t\t\t\t\t<\/div>\n\t\t\t\t<\/div>\n\t\t\t\t\t<\/div>\n\t\t<\/div>\n\t\t\t\t\t\t\t<\/div>\n\t\t<\/section>\n\t\t\t\t\t\t<\/div>\n\t\t\t\t\t<\/div>\n\t\t","protected":false},"excerpt":{"rendered":"<p>SESJE RODZINNE Ka\u017cda rodzina powinna mie\u0107 wsp\u00f3lne zdj\u0119cia&#8230;. Ka\u017cdy moment jest dobry aby zrobi\u0107 rodzinn\u0105 sesj\u0119. Je\u017celi tylko chcecie mie\u0107 wsp\u00f3lne zdj\u0119cia zapraszam po naturalne rodzinne kadry podczas spaceru. Ba\u0144ki mydlane, \u0142askotki, blask zachodz\u0105cego s\u0142o\u0144ca. Uwieczni\u0119 Twoj\u0105 rodzin\u0119 w pi\u0119knych okoliczno\u015bciach przyrody, zapraszam na wsp\u00f3lny spacer po kt\u00f3rym migawki z Waszego \u017cycia zostan\u0105 z Wami<\/p>\n","protected":false},"author":1,"featured_media":0,"parent":0,"menu_order":0,"comment_status":"closed","ping_status":"closed","template":"elementor_header_footer","meta":[],"_links":{"self":[{"href":"https:\/\/swiatloicisza.pl\/index.php\/wp-json\/wp\/v2\/pages\/1076"}],"collection":[{"href":"https:\/\/swiatloicisza.pl\/index.php\/wp-json\/wp\/v2\/pages"}],"about":[{"href":"https:\/\/swiatloicisza.pl\/index.php\/wp-json\/wp\/v2\/types\/page"}],"author":[{"embeddable":true,"href":"https:\/\/swiatloicisza.pl\/index.php\/wp-json\/wp\/v2\/users\/1"}],"replies":[{"embeddable":true,"href":"https:\/\/swiatloicisza.pl\/index.php\/wp-json\/wp\/v2\/comments?post=1076"}],"version-history":[{"count":16,"href":"https:\/\/swiatloicisza.pl\/index.php\/wp-json\/wp\/v2\/pages\/1076\/revisions"}],"predecessor-version":[{"id":1258,"href":"https:\/\/swiatloicisza.pl\/index.php\/wp-json\/wp\/v2\/pages\/1076\/revisions\/1258"}],"wp:attachment":[{"href":"https:\/\/swiatloicisza.pl\/index.php\/wp-json\/wp\/v2\/media?parent=1076"}],"curies":[{"name":"wp","href":"https:\/\/api.w.org\/{rel}","templated":true}]}}