{"id":1027,"date":"2022-04-28T12:18:19","date_gmt":"2022-04-28T12:18:19","guid":{"rendered":"https:\/\/swiatloicisza.pl\/?page_id=1027"},"modified":"2022-05-11T16:33:37","modified_gmt":"2022-05-11T16:33:37","slug":"sesje-rodzinne","status":"publish","type":"page","link":"https:\/\/swiatloicisza.pl\/index.php\/sesje-rodzinne\/","title":{"rendered":"Sesje Mi\u0142osne"},"content":{"rendered":"\t\t<div data-elementor-type=\"wp-page\" data-elementor-id=\"1027\" class=\"elementor elementor-1027\" data-elementor-settings=\"[]\">\n\t\t\t\t\t\t\t<div class=\"elementor-section-wrap\">\n\t\t\t\t\t\t\t<section class=\"elementor-section elementor-top-section elementor-element elementor-element-b521d72 elementor-section-full_width elementor-section-height-default elementor-section-height-default\" data-id=\"b521d72\" data-element_type=\"section\" data-settings=\"{&quot;background_background&quot;:&quot;classic&quot;}\">\n\t\t\t\t\t\t<div class=\"elementor-container elementor-column-gap-default\">\n\t\t\t\t\t<div class=\"elementor-column elementor-col-100 elementor-top-column elementor-element elementor-element-0c29cc6\" data-id=\"0c29cc6\" data-element_type=\"column\">\n\t\t\t<div class=\"elementor-widget-wrap elementor-element-populated\">\n\t\t\t\t\t\t\t\t<div class=\"elementor-element elementor-element-4758487 elementor-widget elementor-widget-sc-heading\" data-id=\"4758487\" data-element_type=\"widget\" data-widget_type=\"sc-heading.default\">\n\t\t\t\t<div class=\"elementor-widget-container\">\n\t\t\t\t\t<div id=\"wt-at-4758487\" class=\"headng-wrap center\">\r\n\t\t\t<div class=\"section-heading\">\r\n\t\t\t\t\t\t\t\t\t\t\t<h2\r\n\t\t\t\t \t\t\t\t>SESJE MI\u0141OSNE<\/h2>\r\n\t\t\t\t\t\t\t\t\t\t\t<\/div>\r\n\t\t<\/div>\r\n\r\n\t\t\t<\/div>\n\t\t\t\t<\/div>\n\t\t\t\t\t<\/div>\n\t\t<\/div>\n\t\t\t\t\t\t\t<\/div>\n\t\t<\/section>\n\t\t\t\t<section class=\"elementor-section elementor-top-section elementor-element elementor-element-bab1d5b elementor-section-boxed elementor-section-height-default elementor-section-height-default\" data-id=\"bab1d5b\" data-element_type=\"section\">\n\t\t\t\t\t\t<div class=\"elementor-container elementor-column-gap-default\">\n\t\t\t\t\t<div class=\"elementor-column elementor-col-100 elementor-top-column elementor-element elementor-element-a7727a9\" data-id=\"a7727a9\" data-element_type=\"column\">\n\t\t\t<div class=\"elementor-widget-wrap elementor-element-populated\">\n\t\t\t\t\t\t\t\t<div class=\"elementor-element elementor-element-26901d7 elementor-widget elementor-widget-text-editor\" data-id=\"26901d7\" data-element_type=\"widget\" data-widget_type=\"text-editor.default\">\n\t\t\t\t<div class=\"elementor-widget-container\">\n\t\t\t\t\t\t\t<h2>\u00a0<\/h2><h3 style=\"letter-spacing: normal; text-align: center;\"><em style=\"letter-spacing: 0px; background-color: rgba(237, 229, 229, 0);\">Mi\u0142o\u015b\u0107 zapisana w obrazach&#8230;.<\/em><\/h3>\t\t\t\t\t\t<\/div>\n\t\t\t\t<\/div>\n\t\t\t\t<div class=\"elementor-element elementor-element-34834fa elementor-widget elementor-widget-text-editor\" data-id=\"34834fa\" data-element_type=\"widget\" data-widget_type=\"text-editor.default\">\n\t\t\t\t<div class=\"elementor-widget-container\">\n\t\t\t\t\t\t\t<p><span style=\"background-color: rgba(237, 229, 229, 0);\">Macie ochot\u0119 zrobi\u0107 sobie prezent na rocznic\u0119,\u00a0 sesje \u015blubn\u0105 a mo\u017ce po prostu chcieliby\u015bcie kilka wsp\u00f3lnych zdj\u0119\u0107 ? Zapraszam Was na wsp\u00f3lny spacer. Mo\u017cemy wybra\u0107 si\u0119 do Waszych ulubionych miejsc. Miejsca pierwszego spotkania, miejsca z kt\u00f3rym wi\u0105\u017c\u0105 si\u0119 wspomnienia lub po prostu poszuka\u0107 promieni zachodz\u0105cego czy wschodz\u0105cego s\u0142o\u0144ca.<\/span><\/p><p><span style=\"background-color: rgba(237, 229, 229, 0); font-weight: var( --e-global-typography-text-font-weight );\">Cz\u0119sto b\u0119d\u0105c razem mamy bardzo ma\u0142o wsp\u00f3lnych zdj\u0119\u0107, je\u017celi macie ochot\u0119 to zmieni\u0107 zapraszam .\u00a0 <\/span><span style=\"background-color: rgba(237, 229, 229, 0); font-weight: var( --e-global-typography-text-font-weight );\">Ch\u0119tnie stworz\u0119 z Wami co\u015b wyj\u0105tkowego<\/span><\/p>\t\t\t\t\t\t<\/div>\n\t\t\t\t<\/div>\n\t\t\t\t\t<\/div>\n\t\t<\/div>\n\t\t\t\t\t\t\t<\/div>\n\t\t<\/section>\n\t\t\t\t<section class=\"elementor-section elementor-top-section elementor-element elementor-element-178ffb0 elementor-section-boxed elementor-section-height-default elementor-section-height-default\" data-id=\"178ffb0\" data-element_type=\"section\">\n\t\t\t\t\t\t<div class=\"elementor-container elementor-column-gap-default\">\n\t\t\t\t\t<div class=\"elementor-column elementor-col-100 elementor-top-column elementor-element elementor-element-eac3ef5\" data-id=\"eac3ef5\" data-element_type=\"column\">\n\t\t\t<div class=\"elementor-widget-wrap\">\n\t\t\t\t\t\t\t\t\t<\/div>\n\t\t<\/div>\n\t\t\t\t\t\t\t<\/div>\n\t\t<\/section>\n\t\t\t\t<section class=\"elementor-section elementor-top-section elementor-element elementor-element-3e6f7e3 elementor-section-boxed elementor-section-height-default elementor-section-height-default\" data-id=\"3e6f7e3\" data-element_type=\"section\" data-settings=\"{&quot;background_background&quot;:&quot;classic&quot;}\">\n\t\t\t\t\t\t<div class=\"elementor-container elementor-column-gap-default\">\n\t\t\t\t\t<div class=\"elementor-column elementor-col-100 elementor-top-column elementor-element elementor-element-1fbdba9\" data-id=\"1fbdba9\" data-element_type=\"column\">\n\t\t\t<div class=\"elementor-widget-wrap elementor-element-populated\">\n\t\t\t\t\t\t\t\t<div class=\"elementor-element elementor-element-477bec1 elementor-widget elementor-widget-sc_list\" data-id=\"477bec1\" data-element_type=\"widget\" data-widget_type=\"sc_list.default\">\n\t\t\t\t<div class=\"elementor-widget-container\">\n\t\t\t<ul class=\"wt-list\"><li class=\"list-item\"><span class=\"list-icon\"><span>1<\/span><\/span><h4>Oko\u0142o 30 zdj\u0119\u0107<\/h4><p>30 najpi\u0119kniejszych starannie wybranych uj\u0119\u0107.<\/p><\/li><li class=\"list-item\"><span class=\"list-icon\"><span>2<\/span><\/span><h4>Oko\u0142o godzinna sesja<\/h4><p>Sesja zdj\u0119ciowa w wybranym miejscu. Okolice Szczyrku, \u017bywca, Bielska.<\/p><\/li><li class=\"list-item\"><span class=\"list-icon\"><span>3<\/span><\/span><h4>Galeria Online<\/h4><p>Wszystkie zdj\u0119cia w wygodnej galerii online<\/p><\/li><li class=\"list-item\"><span class=\"list-icon\"><span>4<\/span><\/span><h4>Mo\u017cliwo\u015b\u0107 dokupienia odbitek<\/h4><p>Mo\u017cliwo\u015b\u0107 dokupienia albumu lub wywo\u0142anych fotografi z sesji.<\/p><\/li><\/ul>\t\t<\/div>\n\t\t\t\t<\/div>\n\t\t\t\t<div class=\"elementor-element elementor-element-99a0eb4 elementor-widget elementor-widget-sc-heading\" data-id=\"99a0eb4\" data-element_type=\"widget\" data-widget_type=\"sc-heading.default\">\n\t\t\t\t<div class=\"elementor-widget-container\">\n\t\t\t\t\t<div id=\"wt-at-99a0eb4\" class=\"headng-wrap center\">\r\n\t\t\t<div class=\"section-heading\">\r\n\t\t\t\t\t\t\t\t\t\t\t<h2\r\n\t\t\t\t \t\t\t\t>350 z\u0142<\/h2>\r\n\t\t\t\t\t\t\t\t\t\t\t<\/div>\r\n\t\t<\/div>\r\n\r\n\t\t\t<\/div>\n\t\t\t\t<\/div>\n\t\t\t\t\t<\/div>\n\t\t<\/div>\n\t\t\t\t\t\t\t<\/div>\n\t\t<\/section>\n\t\t\t\t<section class=\"elementor-section elementor-top-section elementor-element elementor-element-7d670bf elementor-section-boxed elementor-section-height-default elementor-section-height-default\" data-id=\"7d670bf\" data-element_type=\"section\">\n\t\t\t\t\t\t<div class=\"elementor-container elementor-column-gap-default\">\n\t\t\t\t\t<div class=\"elementor-column elementor-col-100 elementor-top-column elementor-element elementor-element-517c921\" data-id=\"517c921\" data-element_type=\"column\">\n\t\t\t<div class=\"elementor-widget-wrap elementor-element-populated\">\n\t\t\t\t\t\t\t\t<div class=\"elementor-element elementor-element-ff540bf elementor-widget elementor-widget-sc_photo_carousel\" data-id=\"ff540bf\" data-element_type=\"widget\" data-widget_type=\"sc_photo_carousel.default\">\n\t\t\t\t<div class=\"elementor-widget-container\">\n\t\t\t\t\t\t\t<div class=\"dl-photo-carousel visable-on-hover dl-navigation dl-bullets\"\r\n\t\t\t\tdata-loop=\"true\" \r\n\t\t\t\tdata-autoplay=\"true\" \r\n\t\t\t\tdata-speed=\"1000\" \r\n\t\t\t\tdata-space-between=\"10\" \r\n\t\t\t\tdata-initial-slide=\"1\" \r\n\t\t\t\tdata-mousewheel=\"true\" \r\n\t\t\t\tdata-pagination=\"true\" \r\n\t\t\t\tdata-navigation=\"true\"\r\n\t\t\t\t>\r\n\t\t\t\t\t<div class=\"swiper-wrapper\">\r\n\t\t\t\t\t\t\t\t\t\t\t<div class=\"swiper-slide\">\r\n\t\t\t\t\t\t<img src=\"https:\/\/swiatloicisza.pl\/wp-content\/uploads\/2022\/04\/gotowe-15-scaled.jpg\" alt=\"gotowe (15)\"\/>\t\t\t\t\t\t<\/div>\r\n\t\t\t\t\t\t\t\t\t\t\t<div class=\"swiper-slide\">\r\n\t\t\t\t\t\t<img src=\"https:\/\/swiatloicisza.pl\/wp-content\/uploads\/2022\/04\/gotowe-25-scaled.jpg\" alt=\"gotowe (25)\"\/>\t\t\t\t\t\t<\/div>\r\n\t\t\t\t\t\t\t\t\t\t\t<div class=\"swiper-slide\">\r\n\t\t\t\t\t\t<img src=\"https:\/\/swiatloicisza.pl\/wp-content\/uploads\/2022\/04\/gotowe-1-scaled.jpg\" alt=\"gotowe (1)\"\/>\t\t\t\t\t\t<\/div>\r\n\t\t\t\t\t\t\t\t\t\t\t<div class=\"swiper-slide\">\r\n\t\t\t\t\t\t<img src=\"https:\/\/swiatloicisza.pl\/wp-content\/uploads\/2022\/04\/gotowe-24-scaled.jpg\" alt=\"gotowe (24)\"\/>\t\t\t\t\t\t<\/div>\r\n\t\t\t\t\t\t\t\t\t\t\t<div class=\"swiper-slide\">\r\n\t\t\t\t\t\t<img src=\"https:\/\/swiatloicisza.pl\/wp-content\/uploads\/2022\/04\/gotowe-23-scaled.jpg\" alt=\"gotowe (23)\"\/>\t\t\t\t\t\t<\/div>\r\n\t\t\t\t\t\t\t\t\t\t\t<div class=\"swiper-slide\">\r\n\t\t\t\t\t\t<img src=\"https:\/\/swiatloicisza.pl\/wp-content\/uploads\/2022\/04\/gotowe-26-scaled.jpg\" alt=\"gotowe (26)\"\/>\t\t\t\t\t\t<\/div>\r\n\t\t\t\t\t\t\t\t\t\t\t<div class=\"swiper-slide\">\r\n\t\t\t\t\t\t<img src=\"https:\/\/swiatloicisza.pl\/wp-content\/uploads\/2022\/04\/gotowe-22-scaled.jpg\" alt=\"gotowe (22)\"\/>\t\t\t\t\t\t<\/div>\r\n\t\t\t\t\t\t\t\t\t\t\t<div class=\"swiper-slide\">\r\n\t\t\t\t\t\t<img src=\"https:\/\/swiatloicisza.pl\/wp-content\/uploads\/2022\/04\/111.jpg\" alt=\"111\"\/>\t\t\t\t\t\t<\/div>\r\n\t\t\t\t\t\t\t\t\t\t\t<div class=\"swiper-slide\">\r\n\t\t\t\t\t\t<img src=\"https:\/\/swiatloicisza.pl\/wp-content\/uploads\/2022\/04\/gotowe-21-scaled.jpg\" alt=\"gotowe (21)\"\/>\t\t\t\t\t\t<\/div>\r\n\t\t\t\t\t\t\t\t\t\t\t<div class=\"swiper-slide\">\r\n\t\t\t\t\t\t<img src=\"https:\/\/swiatloicisza.pl\/wp-content\/uploads\/2022\/04\/1-scaled.jpg\" alt=\"1\"\/>\t\t\t\t\t\t<\/div>\r\n\t\t\t\t\t\t\t\t\t\t\t<div class=\"swiper-slide\">\r\n\t\t\t\t\t\t<img src=\"https:\/\/swiatloicisza.pl\/wp-content\/uploads\/2022\/04\/111111.jpg\" alt=\"111111\"\/>\t\t\t\t\t\t<\/div>\r\n\t\t\t\t\t\t\t\t\t\t\t<div class=\"swiper-slide\">\r\n\t\t\t\t\t\t<img src=\"https:\/\/swiatloicisza.pl\/wp-content\/uploads\/2022\/04\/1m.jpg\" alt=\"1m\"\/>\t\t\t\t\t\t<\/div>\r\n\t\t\t\t\t\t\t\t\t\t\t<div class=\"swiper-slide\">\r\n\t\t\t\t\t\t<img src=\"https:\/\/swiatloicisza.pl\/wp-content\/uploads\/2022\/04\/2m.jpg\" alt=\"2m\"\/>\t\t\t\t\t\t<\/div>\r\n\t\t\t\t\t\t\t\t\t\t<\/div>\r\n\t\t\t\t\t\t\t\t\t\t<!-- Add Pagination -->\r\n\t\t\t\t\t<div class=\"swiper-pagination\"><\/div>\r\n\t\t\t\t\t\t\t\t\t\t\t\t\t\t\t<!-- Add Arrows -->\r\n\t\t\t\t\t<div class=\"button-next\">&#8594;<\/div>\r\n\t\t\t\t\t<div class=\"button-prev\">&#8592;<\/div>\r\n\t\t\t\t\t\t\t\t\t<\/div>\r\n\t\t\t\t\t\t<\/div>\n\t\t\t\t<\/div>\n\t\t\t\t\t<\/div>\n\t\t<\/div>\n\t\t\t\t\t\t\t<\/div>\n\t\t<\/section>\n\t\t\t\t\t\t<\/div>\n\t\t\t\t\t<\/div>\n\t\t","protected":false},"excerpt":{"rendered":"<p>SESJE MI\u0141OSNE \u00a0 Mi\u0142o\u015b\u0107 zapisana w obrazach&#8230;. Macie ochot\u0119 zrobi\u0107 sobie prezent na rocznic\u0119,\u00a0 sesje \u015blubn\u0105 a mo\u017ce po prostu chcieliby\u015bcie kilka wsp\u00f3lnych zdj\u0119\u0107 ? Zapraszam Was na wsp\u00f3lny spacer. Mo\u017cemy wybra\u0107 si\u0119 do Waszych ulubionych miejsc. Miejsca pierwszego spotkania, miejsca z kt\u00f3rym wi\u0105\u017c\u0105 si\u0119 wspomnienia lub po prostu poszuka\u0107 promieni zachodz\u0105cego czy wschodz\u0105cego s\u0142o\u0144ca.<\/p>\n","protected":false},"author":1,"featured_media":0,"parent":0,"menu_order":0,"comment_status":"closed","ping_status":"closed","template":"elementor_header_footer","meta":[],"_links":{"self":[{"href":"https:\/\/swiatloicisza.pl\/index.php\/wp-json\/wp\/v2\/pages\/1027"}],"collection":[{"href":"https:\/\/swiatloicisza.pl\/index.php\/wp-json\/wp\/v2\/pages"}],"about":[{"href":"https:\/\/swiatloicisza.pl\/index.php\/wp-json\/wp\/v2\/types\/page"}],"author":[{"embeddable":true,"href":"https:\/\/swiatloicisza.pl\/index.php\/wp-json\/wp\/v2\/users\/1"}],"replies":[{"embeddable":true,"href":"https:\/\/swiatloicisza.pl\/index.php\/wp-json\/wp\/v2\/comments?post=1027"}],"version-history":[{"count":14,"href":"https:\/\/swiatloicisza.pl\/index.php\/wp-json\/wp\/v2\/pages\/1027\/revisions"}],"predecessor-version":[{"id":1232,"href":"https:\/\/swiatloicisza.pl\/index.php\/wp-json\/wp\/v2\/pages\/1027\/revisions\/1232"}],"wp:attachment":[{"href":"https:\/\/swiatloicisza.pl\/index.php\/wp-json\/wp\/v2\/media?parent=1027"}],"curies":[{"name":"wp","href":"https:\/\/api.w.org\/{rel}","templated":true}]}}